{"id":4441,"date":"2016-09-30T07:52:15","date_gmt":"2016-09-30T07:52:15","guid":{"rendered":"https:\/\/devishop.lt\/kontaktai\/"},"modified":"2024-05-13T11:45:47","modified_gmt":"2024-05-13T08:45:47","slug":"kontaktai","status":"publish","type":"page","link":"https:\/\/devishop.lt\/en\/kontaktai\/","title":{"rendered":"Contacts"},"content":{"rendered":"<section class=\"l-section wpb_row height_custom\"><div class=\"l-section-h i-cf\"><div class=\"g-cols vc_row type_default valign_top\"><div class=\"vc_col-sm-6 wpb_column vc_column_container\"><div class=\"vc_column-inner\"><div class=\"wpb_wrapper\"><div class=\"w-iconbox iconpos_left style_default color_primary align_left no_text\"><a href=\"tel:+370000000\" class=\"w-iconbox-link\" aria-label=\"+37068157400\"><div class=\"w-iconbox-icon\" style=\"font-size:32px;\"><i class=\"far fa-phone-rotary\"><\/i><\/div><\/a><div class=\"w-iconbox-meta\"><a href=\"tel:+370000000\" class=\"w-iconbox-link\" aria-label=\"+37068157400\"><h4 class=\"w-iconbox-title\" style=\"font-size:18px;\">+37068157400<\/h4><\/a><\/div><\/div><div class=\"w-separator size_small\"><\/div><div class=\"w-iconbox iconpos_left style_default color_primary align_left no_text\"><a href=\"mailto:devi.klientui@gmail.com\" class=\"w-iconbox-link\" aria-label=\"devi.klientui@gmail.com\"><div class=\"w-iconbox-icon\" style=\"font-size:32px;\"><i class=\"far fa-envelope-open-text\"><\/i><\/div><\/a><div class=\"w-iconbox-meta\"><a href=\"mailto:devi.klientui@gmail.com\" class=\"w-iconbox-link\" aria-label=\"devi.klientui@gmail.com\"><h4 class=\"w-iconbox-title\" style=\"font-size:18px;\">devi.klientui@gmail.com<\/h4><\/a><\/div><\/div><div class=\"w-separator size_small\"><\/div><div class=\"wpb_text_column\" ><div class=\"wpb_wrapper\"><h4>Requisites<\/h4>\n<p>MB Best shop<\/p>\n<p>Registration code: 305969682<\/p>\n<p>VAT: LT100014637915<\/p>\n<p>Address: Kanapinsko g. 53A, K\u0117dainiai<\/p>\n<p>Store address: Did\u017eioji g. 40, K\u0117dainiai<\/p>\n<\/div><\/div><div class=\"w-socials us_custom_15bcf4b5 color_brand shape_square style_solid hover_fade\"><div class=\"w-socials-list\" style=\"margin:-0.3em;\"><div class=\"w-socials-item facebook\" style=\"padding:0.3em;\"><a class=\"w-socials-item-link\" href=\"https:\/\/www.facebook.com\/Bella-Shop-157778994933805\/\" target=\"_blank\" rel=\"noopener nofollow\" title=\"Facebook\" aria-label=\"Facebook\"><span class=\"w-socials-item-link-hover\"><\/span><i class=\"fab fa-facebook\"><\/i><\/a><div class=\"w-socials-item-popup\"><span>Facebook<\/span><\/div><\/div><div class=\"w-socials-item instagram\" style=\"padding:0.3em;\"><a class=\"w-socials-item-link\" href=\"https:\/\/instagram.com\/bella_bellashoplt?r=nametag\" target=\"_blank\" rel=\"noopener nofollow\" title=\"Instagram\" aria-label=\"Instagram\"><span class=\"w-socials-item-link-hover\"><\/span><i class=\"fab fa-instagram\"><\/i><\/a><div class=\"w-socials-item-popup\"><span>Instagram<\/span><\/div><\/div><\/div><\/div><\/div><\/div><\/div><div class=\"vc_col-sm-6 wpb_column vc_column_container\"><div class=\"vc_column-inner\"><div class=\"wpb_wrapper\"><div class=\"wpb_text_column\" ><div class=\"wpb_wrapper\"><h3>Contact Us<\/h3>\n<\/div><\/div><div class=\"w-separator size_small\"><\/div><form class=\"w-form  layout_ver for_cform us_form_1\" autocomplete=\"off\" action=\"https:\/\/devishop.lt\/en\/wp-json\/wp\/v2\/pages\/4441\" method=\"post\"><div class=\"w-form-h\"><div class=\"w-form-row for_text required with_icon\">\r\n\t\t<div class=\"w-form-row-field\">\r\n\t\t\t\t<i class=\"far fa-envelope\"><\/i>\t\t<input aria-label=\"Name\" type=\"text\" name=\"us_form_1_text_1\" value placeholder=\"Name *\" data-required=\"true\" aria-required=\"true\"\/>\r\n\t\t\t<\/div>\r\n\t\t<div class=\"w-form-row-state\">Fill out this field<\/div>\r\n<\/div>\r\n<div class=\"w-form-row for_text required with_icon\">\r\n\t\t<div class=\"w-form-row-field\">\r\n\t\t\t\t<i class=\"far fa-envelope\"><\/i>\t\t<input aria-label=\"Email\" type=\"text\" name=\"us_form_1_text_2\" value placeholder=\"Email *\" data-required=\"true\" aria-required=\"true\"\/>\r\n\t\t\t<\/div>\r\n\t\t<div class=\"w-form-row-state\">Fill out this field<\/div>\r\n<\/div>\r\n<div class=\"w-form-row for_text with_icon\">\r\n\t\t<div class=\"w-form-row-field\">\r\n\t\t\t\t<i class=\"far fa-phone\"><\/i>\t\t<input aria-label=\"Phone nr.\" inputmode=\"tel\" type=\"text\" name=\"us_form_1_text_3\" value placeholder=\"Phone nr.\"\/>\r\n\t\t\t<\/div>\r\n\t\t<div class=\"w-form-row-state\">Fill out this field<\/div>\r\n<\/div>\r\n<div class=\"w-form-row for_textarea required with_icon\">\r\n\t\t<div class=\"w-form-row-field\">\r\n\t\t\t\t<i class=\"far fa-pencil\"><\/i>\t\t<textarea aria-label=\"Message\" name=\"us_form_1_textarea_1\" placeholder=\"Message *\" data-required=\"true\" aria-required=\"true\"><\/textarea>\r\n\t\t\t<\/div>\r\n\t\t<div class=\"w-form-row-state\">Fill out this field<\/div>\r\n<\/div>\r\n<input type=\"hidden\" name=\"action\" value=\"us_ajax_cform\" \/><input type=\"hidden\" name=\"post_id\" value=\"0\" \/><input type=\"hidden\" name=\"form_index\" value=\"1\" \/><div class=\"w-form-row for_submit align_default\">\r\n\t<div class=\"w-form-row-field\">\r\n\t\t\t\t<button class=\"w-btn  us-btn-style_1\" aria-label=\"Send\" type=\"submit\">\r\n\t\t\t<span class=\"g-preloader type_1\"><\/span>\r\n\t\t\t\t\t\t<span class=\"w-btn-label\">Send<\/span>\r\n\t\t\t\t\t<\/button>\r\n\t<\/div>\r\n<\/div><\/div><div class=\"w-form-message\"><\/div><div class=\"w-form-json hidden\" onclick='return {&quot;ajaxurl&quot;:&quot;https:\\\/\\\/devishop.lt\\\/wp-admin\\\/admin-ajax.php&quot;}'><\/div><\/form><\/div><\/div><\/div><\/div><\/div><\/section><section class=\"l-section wpb_row height_auto width_full\"><div class=\"l-section-h i-cf\"><div class=\"g-cols vc_row type_default valign_top\"><div class=\"vc_col-sm-12 wpb_column vc_column_container\"><div class=\"vc_column-inner\"><div class=\"wpb_wrapper\">[vc_raw_html]JTNDaWZyYW1lJTIwc3JjJTNEJTIyaHR0cHMlM0ElMkYlMkZ3d3cuZ29vZ2xlLmNvbSUyRm1hcHMlMkZlbWJlZCUzRnBiJTNEJTIxMW0xOCUyMTFtMTIlMjExbTMlMjExZDIyNzIuMDUyODY0MDEwNjMzNiUyMTJkMjMuOTc2MjIzNTE1OTEyNTc2JTIxM2Q1NS4yODcyMzA2ODA0MzEzNjQlMjEybTMlMjExZjAlMjEyZjAlMjEzZjAlMjEzbTIlMjExaTEwMjQlMjEyaTc2OCUyMTRmMTMuMSUyMTNtMyUyMTFtMiUyMTFzMHg0NmU2NTVhMmFkYzQ0ZDNkJTI1M0EweGRhOWYyNmE5YjUxODdmYWElMjEyc0RpZCUyNUM1JTI1QkVpb2ppJTI1MjBnLiUyNTIwNDAlMjUyQyUyNTIwSyUyNUM0JTI1OTdkYWluaWFpJTI1MjA1NzI1NyUyMTVlMCUyMTNtMiUyMTFzbHQlMjEyc2x0JTIxNHYxNjMzMDE3MTU3OTAzJTIxNW0yJTIxMXNsdCUyMTJzbHQlMjIlMjB3aWR0aCUzRCUyMjEwMCUyNSUyMiUyMGhlaWdodCUzRCUyMjQ1MCUyMiUyMHN0eWxlJTNEJTIyYm9yZGVyJTNBMCUzQiUyMiUyMGFsbG93ZnVsbHNjcmVlbiUzRCUyMiUyMiUyMGxvYWRpbmclM0QlMjJsYXp5JTIyJTNFJTNDJTJGaWZyYW1lJTNF[\/vc_raw_html]<\/div><\/div><\/div><\/div><\/div><\/section>\n","protected":false},"excerpt":{"rendered":"+37068157400devi.klientui@gmail.comRequisites MB Best shop Registration code: 305969682 VAT: LT100014637915 Address: Kanapinsko g. 53A, K\u0117dainiai Store address: Did\u017eioji g. 40, K\u0117dainiai FacebookInstagramContact Us Fill out this field Fill out this field Fill out this field Fill out this field Send [vc_raw_html]JTNDaWZyYW1lJTIwc3JjJTNEJTIyaHR0cHMlM0ElMkYlMkZ3d3cuZ29vZ2xlLmNvbSUyRm1hcHMlMkZlbWJlZCUzRnBiJTNEJTIxMW0xOCUyMTFtMTIlMjExbTMlMjExZDIyNzIuMDUyODY0MDEwNjMzNiUyMTJkMjMuOTc2MjIzNTE1OTEyNTc2JTIxM2Q1NS4yODcyMzA2ODA0MzEzNjQlMjEybTMlMjExZjAlMjEyZjAlMjEzZjAlMjEzbTIlMjExaTEwMjQlMjEyaTc2OCUyMTRmMTMuMSUyMTNtMyUyMTFtMiUyMTFzMHg0NmU2NTVhMmFkYzQ0ZDNkJTI1M0EweGRhOWYyNmE5YjUxODdmYWElMjEyc0RpZCUyNUM1JTI1QkVpb2ppJTI1MjBnLiUyNTIwNDAlMjUyQyUyNTIwSyUyNUM0JTI1OTdkYWluaWFpJTI1MjA1NzI1NyUyMTVlMCUyMTNtMiUyMTFzbHQlMjEyc2x0JTIxNHYxNjMzMDE3MTU3OTAzJTIxNW0yJTIxMXNsdCUyMTJzbHQlMjIlMjB3aWR0aCUzRCUyMjEwMCUyNSUyMiUyMGhlaWdodCUzRCUyMjQ1MCUyMiUyMHN0eWxlJTNEJTIyYm9yZGVyJTNBMCUzQiUyMiUyMGFsbG93ZnVsbHNjcmVlbiUzRCUyMiUyMiUyMGxvYWRpbmclM0QlMjJsYXp5JTIyJTNFJTNDJTJGaWZyYW1lJTNF[\/vc_raw_html]","protected":false},"author":2,"featured_media":0,"parent":0,"menu_order":0,"comment_status":"closed","ping_status":"closed","template":"","meta":{"footnotes":""},"_links":{"self":[{"href":"https:\/\/devishop.lt\/en\/wp-json\/wp\/v2\/pages\/4441"}],"collection":[{"href":"https:\/\/devishop.lt\/en\/wp-json\/wp\/v2\/pages"}],"about":[{"href":"https:\/\/devishop.lt\/en\/wp-json\/wp\/v2\/types\/page"}],"author":[{"embeddable":true,"href":"https:\/\/devishop.lt\/en\/wp-json\/wp\/v2\/users\/2"}],"replies":[{"embeddable":true,"href":"https:\/\/devishop.lt\/en\/wp-json\/wp\/v2\/comments?post=4441"}],"version-history":[{"count":9,"href":"https:\/\/devishop.lt\/en\/wp-json\/wp\/v2\/pages\/4441\/revisions"}],"predecessor-version":[{"id":29312,"href":"https:\/\/devishop.lt\/en\/wp-json\/wp\/v2\/pages\/4441\/revisions\/29312"}],"wp:attachment":[{"href":"https:\/\/devishop.lt\/en\/wp-json\/wp\/v2\/media?parent=4441"}],"curies":[{"name":"wp","href":"https:\/\/api.w.org\/{rel}","templated":true}]}}